{"id":5516,"date":"2023-10-19T14:31:37","date_gmt":"2023-10-19T12:31:37","guid":{"rendered":"https:\/\/www.cebino.cz\/?page_id=5516"},"modified":"2023-10-28T11:14:43","modified_gmt":"2023-10-28T09:14:43","slug":"o-nas","status":"publish","type":"page","link":"https:\/\/www.cebino.cz\/?page_id=5516","title":{"rendered":"O CEBINU"},"content":{"rendered":"\n<p>Cebino vzniklo asi rok pot\u00e9, co jsem na internetu sh\u00e1n\u011bla n\u011bjak\u00fd p\u011bkn\u00fd batoh. Str\u00e1vila jsem p\u0159ibli\u017en\u011b dv\u011b hodiny proch\u00e1zen\u00edm obr\u00e1zk\u016f a nab\u00eddek na internetu, a\u017e jsem kone\u010dn\u011b narazila na jeden, kter\u00fd se mi l\u00edbil. Jen\u017ee nebyl skladem\u2026&nbsp;<\/p>\n\n\n\n<p>A proto\u017ee jsem v t\u00e9 dob\u011b za\u010d\u00ednala se \u0161it\u00edm, man\u017eel mi navrhl, jestli si nechci batoh u\u0161\u00edt sama. P\u0159izn\u00e1m se, \u017ee m\u011b trochu na\u0161tval, proto\u017ee jsem ztratila dv\u011b hodiny hled\u00e1n\u00edm batohu. Kdyby to b\u00fdval \u0159ekl rovnou\u2026 Takhle jsem mohla za\u010d\u00edt znovu, tentokr\u00e1t s p\u00e1tr\u00e1n\u00edm po tom, jak se batoh \u0161ije, jestli to v\u016fbec jde na b\u011b\u017en\u00e9m stroji a jak\u00fd materi\u00e1l je nejlep\u0161\u00ed. Od t\u00e9 doby dost\u00e1vaj\u00ed moji zn\u00e1m\u00ed a p\u0159\u00edbuzn\u00ed batohy, ka\u017ed\u00fd z nich je o kus vylep\u0161en\u00fd, ne\u017e ten p\u0159edchoz\u00ed, abych V\u00e1m mohla nab\u00eddnout jen kvalitn\u00ed a ozkou\u0161en\u00e9 v\u00fdrobky.<\/p>\n\n\n\n<p>Na batohy pou\u017e\u00edv\u00e1m kvalitn\u00ed nepromokavou batohovinu. Zadn\u00ed d\u00edl a popruhy jsou opat\u0159eny v\u011btrac\u00ed sportovn\u00ed s\u00ed\u0165kou.<\/p>\n\n\n\n<p>Vnit\u0159n\u00ed \u010d\u00e1st batohu cebino je tvo\u0159ena z bavln\u011bn\u00e9ho pl\u00e1tna. Sna\u017e\u00edm se vyb\u00edrat vesel\u00e9 l\u00e1tky \u2013 \u010dty\u0159l\u00edstky, kv\u011btiny, \u017eirafy, kotvy, motorky\u2026 Sv\u016fj batoh tak m\u016f\u017eete p\u0159izp\u016fsobit sv\u00fdm obl\u00edben\u00fdm v\u011bcem nebo z\u00e1jm\u016fm. Samoz\u0159ejm\u011b mohu pou\u017e\u00edt jednobarevnou l\u00e1tku.<\/p>\n\n\n\n<p>Batohy je mo\u017en\u00e9 ozdobit v\u00fd\u0161ivkou od spichnito.cz. Takto mohu vytvo\u0159it stejn\u00e9 batohy pro p\u00e1ry, rodiny, sourozence\u2026<\/p>\n\n\n\n<p>V\u00fdhodou batoh\u016f cebino je, \u017ee si je m\u016f\u017eete p\u0159izp\u016fsobit opravdu sob\u011b na m\u00edru \u2013 m\u016f\u017eete si vybrat barvy, pod\u0161\u00edvku, v\u00fd\u0161ivku, rozm\u011bry batohu, \u0161\u00ed\u0159i popruh\u016f, vnit\u0159n\u00ed nebo vn\u011bj\u0161\u00ed kapsy. Batoh zkr\u00e1tka m\u016f\u017eeme maxim\u00e1ln\u011b p\u0159izp\u016fsobit Va\u0161im pot\u0159eb\u00e1m a fantazii, kter\u00fdm kladou meze jen m\u00e9 schopnosti:)<\/p>\n\n\n\n<p>Od objedn\u00e1n\u00ed je batoh p\u0159ipraven k odesl\u00e1n\u00ed cca do 4 t\u00fddn\u016f.<\/p>\n\n\n\n<figure class=\"wp-block-image size-full is-resized\"><img loading=\"lazy\" decoding=\"async\" width=\"681\" height=\"1024\" src=\"https:\/\/www.cebino.cz\/wp-content\/uploads\/2023\/10\/IMG-20231026-WA0006.jpg\" alt=\"\" class=\"wp-image-5618\" style=\"width:200px\" srcset=\"https:\/\/www.cebino.cz\/wp-content\/uploads\/2023\/10\/IMG-20231026-WA0006.jpg 681w, https:\/\/www.cebino.cz\/wp-content\/uploads\/2023\/10\/IMG-20231026-WA0006-200x300.jpg 200w, https:\/\/www.cebino.cz\/wp-content\/uploads\/2023\/10\/IMG-20231026-WA0006-600x902.jpg 600w\" sizes=\"auto, (max-width: 681px) 100vw, 681px\" \/><\/figure>\n","protected":false},"excerpt":{"rendered":"<p>Cebino vzniklo asi rok pot\u00e9, co jsem na internetu sh\u00e1n\u011bla n\u011bjak\u00fd p\u011bkn\u00fd batoh. Str\u00e1vila jsem p\u0159ibli\u017en\u011b dv\u011b hodiny proch\u00e1zen\u00edm obr\u00e1zk\u016f a nab\u00eddek na internetu, a\u017e jsem kone\u010dn\u011b narazila na jeden, kter\u00fd se mi l\u00edbil. Jen\u017ee nebyl skladem\u2026&nbsp; A proto\u017ee jsem v t\u00e9 dob\u011b za\u010d\u00ednala se \u0161it\u00edm, man\u017eel mi navrhl, jestli si nechci batoh u\u0161\u00edt sama. &hellip;<\/p>\n<p class=\"read-more\"> <a class=\"\" href=\"https:\/\/www.cebino.cz\/?page_id=5516\"> <span class=\"screen-reader-text\">O CEBINU<\/span> Pokra\u010dovat ve \u010dten\u00ed &raquo;<\/a><\/p>\n","protected":false},"author":1,"featured_media":0,"parent":0,"menu_order":0,"comment_status":"closed","ping_status":"closed","template":"","meta":{"site-sidebar-layout":"default","site-content-layout":"","ast-site-content-layout":"default","site-content-style":"default","site-sidebar-style":"default","ast-global-header-display":"","ast-banner-title-visibility":"","ast-main-header-display":"","ast-hfb-above-header-display":"","ast-hfb-below-header-display":"","ast-hfb-mobile-header-display":"","site-post-title":"","ast-breadcrumbs-content":"","ast-featured-img":"","footer-sml-layout":"","theme-transparent-header-meta":"","adv-header-id-meta":"","stick-header-meta":"","header-above-stick-meta":"","header-main-stick-meta":"","header-below-stick-meta":"","astra-migrate-meta-layouts":"set","footnotes":""},"class_list":["post-5516","page","type-page","status-publish","hentry"],"_links":{"self":[{"href":"https:\/\/www.cebino.cz\/index.php?rest_route=\/wp\/v2\/pages\/5516","targetHints":{"allow":["GET"]}}],"collection":[{"href":"https:\/\/www.cebino.cz\/index.php?rest_route=\/wp\/v2\/pages"}],"about":[{"href":"https:\/\/www.cebino.cz\/index.php?rest_route=\/wp\/v2\/types\/page"}],"author":[{"embeddable":true,"href":"https:\/\/www.cebino.cz\/index.php?rest_route=\/wp\/v2\/users\/1"}],"replies":[{"embeddable":true,"href":"https:\/\/www.cebino.cz\/index.php?rest_route=%2Fwp%2Fv2%2Fcomments&post=5516"}],"version-history":[{"count":5,"href":"https:\/\/www.cebino.cz\/index.php?rest_route=\/wp\/v2\/pages\/5516\/revisions"}],"predecessor-version":[{"id":5619,"href":"https:\/\/www.cebino.cz\/index.php?rest_route=\/wp\/v2\/pages\/5516\/revisions\/5619"}],"wp:attachment":[{"href":"https:\/\/www.cebino.cz\/index.php?rest_route=%2Fwp%2Fv2%2Fmedia&parent=5516"}],"curies":[{"name":"wp","href":"https:\/\/api.w.org\/{rel}","templated":true}]}}