{"id":5526,"date":"2023-10-19T22:12:04","date_gmt":"2023-10-19T20:12:04","guid":{"rendered":"https:\/\/www.cebino.cz\/?page_id=5526"},"modified":"2023-10-29T13:56:08","modified_gmt":"2023-10-29T12:56:08","slug":"detske-batohy","status":"publish","type":"page","link":"https:\/\/www.cebino.cz\/?page_id=5526","title":{"rendered":"D\u011btsk\u00e9 batohy"},"content":{"rendered":"\t\t<div data-elementor-type=\"wp-page\" data-elementor-id=\"5526\" class=\"elementor elementor-5526\">\n\t\t\t\t\t\t\t<div class=\"elementor-element elementor-element-49c3dcc9 e-flex e-con-boxed e-con e-parent\" data-id=\"49c3dcc9\" data-element_type=\"container\" data-settings=\"{&quot;content_width&quot;:&quot;boxed&quot;}\" data-core-v316-plus=\"true\">\n\t\t\t\t\t<div class=\"e-con-inner\">\n\t\t\t\t<div class=\"elementor-element elementor-element-7ea04b3 elementor-widget elementor-widget-text-editor\" data-id=\"7ea04b3\" data-element_type=\"widget\" data-widget_type=\"text-editor.default\">\n\t\t\t\t<div class=\"elementor-widget-container\">\n\t\t\t<style>\/*! elementor - v3.16.0 - 17-10-2023 *\/\n.elementor-widget-text-editor.elementor-drop-cap-view-stacked .elementor-drop-cap{background-color:#69727d;color:#fff}.elementor-widget-text-editor.elementor-drop-cap-view-framed .elementor-drop-cap{color:#69727d;border:3px solid;background-color:transparent}.elementor-widget-text-editor:not(.elementor-drop-cap-view-default) .elementor-drop-cap{margin-top:8px}.elementor-widget-text-editor:not(.elementor-drop-cap-view-default) .elementor-drop-cap-letter{width:1em;height:1em}.elementor-widget-text-editor .elementor-drop-cap{float:left;text-align:center;line-height:1;font-size:50px}.elementor-widget-text-editor .elementor-drop-cap-letter{display:inline-block}<\/style>\t\t\t\t<p><!-- wp:paragraph --><\/p>\n<p>Batohy pro d\u011bti jsou men\u0161\u00ed, ne\u017e batohy pro dosp\u011bl\u00e9. Berte pros\u00edm na v\u011bdom\u00ed, \u017ee se nejedn\u00e1 o batohy s ergonomicky upraven\u00fdmi z\u00e1dy. <\/p>\n<p><!-- \/wp:paragraph --><\/p>\n<p><!-- wp:paragraph --><\/p>\n<p>D\u011btsk\u00e9 batohy maj\u00ed rozm\u011bry cca  45 X 27 cm (v x \u0161). Srolov\u00e1n\u00ed batohu ubere cca 10-15 cm. <\/p><p>Cena od 800 K\u010d.<\/p>\n<p><!-- \/wp:paragraph --><\/p>\t\t\t\t\t\t<\/div>\n\t\t\t\t<\/div>\n\t\t\t\t\t<\/div>\n\t\t\t\t<\/div>\n\t\t\t\t\t\t\t<\/div>\n\t\t","protected":false},"excerpt":{"rendered":"<p>Batohy pro d\u011bti jsou men\u0161\u00ed, ne\u017e batohy pro dosp\u011bl\u00e9. Berte pros\u00edm na v\u011bdom\u00ed, \u017ee se nejedn\u00e1 o batohy s ergonomicky upraven\u00fdmi z\u00e1dy. D\u011btsk\u00e9 batohy maj\u00ed rozm\u011bry cca 45 X 27 cm (v x \u0161). Srolov\u00e1n\u00ed batohu ubere cca 10-15 cm. Cena od 800 K\u010d.<\/p>\n","protected":false},"author":1,"featured_media":0,"parent":0,"menu_order":0,"comment_status":"closed","ping_status":"closed","template":"","meta":{"site-sidebar-layout":"default","site-content-layout":"","ast-site-content-layout":"default","site-content-style":"default","site-sidebar-style":"default","ast-global-header-display":"","ast-banner-title-visibility":"","ast-main-header-display":"","ast-hfb-above-header-display":"","ast-hfb-below-header-display":"","ast-hfb-mobile-header-display":"","site-post-title":"","ast-breadcrumbs-content":"","ast-featured-img":"","footer-sml-layout":"","theme-transparent-header-meta":"","adv-header-id-meta":"","stick-header-meta":"","header-above-stick-meta":"","header-main-stick-meta":"","header-below-stick-meta":"","astra-migrate-meta-layouts":"set","footnotes":""},"class_list":["post-5526","page","type-page","status-publish","hentry"],"_links":{"self":[{"href":"https:\/\/www.cebino.cz\/index.php?rest_route=\/wp\/v2\/pages\/5526","targetHints":{"allow":["GET"]}}],"collection":[{"href":"https:\/\/www.cebino.cz\/index.php?rest_route=\/wp\/v2\/pages"}],"about":[{"href":"https:\/\/www.cebino.cz\/index.php?rest_route=\/wp\/v2\/types\/page"}],"author":[{"embeddable":true,"href":"https:\/\/www.cebino.cz\/index.php?rest_route=\/wp\/v2\/users\/1"}],"replies":[{"embeddable":true,"href":"https:\/\/www.cebino.cz\/index.php?rest_route=%2Fwp%2Fv2%2Fcomments&post=5526"}],"version-history":[{"count":6,"href":"https:\/\/www.cebino.cz\/index.php?rest_route=\/wp\/v2\/pages\/5526\/revisions"}],"predecessor-version":[{"id":5647,"href":"https:\/\/www.cebino.cz\/index.php?rest_route=\/wp\/v2\/pages\/5526\/revisions\/5647"}],"wp:attachment":[{"href":"https:\/\/www.cebino.cz\/index.php?rest_route=%2Fwp%2Fv2%2Fmedia&parent=5526"}],"curies":[{"name":"wp","href":"https:\/\/api.w.org\/{rel}","templated":true}]}}