{"id":5537,"date":"2023-10-19T22:38:53","date_gmt":"2023-10-19T20:38:53","guid":{"rendered":"https:\/\/www.cebino.cz\/?page_id=5537"},"modified":"2023-10-29T14:08:26","modified_gmt":"2023-10-29T13:08:26","slug":"panske-batohy","status":"publish","type":"page","link":"https:\/\/www.cebino.cz\/?page_id=5537","title":{"rendered":"P\u00e1nsk\u00e9 batohy"},"content":{"rendered":"\t\t<div data-elementor-type=\"wp-page\" data-elementor-id=\"5537\" class=\"elementor elementor-5537\">\n\t\t\t\t\t\t\t<div class=\"elementor-element elementor-element-fd8aadd e-flex e-con-boxed e-con e-parent\" data-id=\"fd8aadd\" data-element_type=\"container\" data-settings=\"{&quot;content_width&quot;:&quot;boxed&quot;}\" data-core-v316-plus=\"true\">\n\t\t\t\t\t<div class=\"e-con-inner\">\n\t\t\t\t<div class=\"elementor-element elementor-element-dd5c4f1 elementor-widget elementor-widget-text-editor\" data-id=\"dd5c4f1\" data-element_type=\"widget\" data-widget_type=\"text-editor.default\">\n\t\t\t\t<div class=\"elementor-widget-container\">\n\t\t\t<style>\/*! elementor - v3.16.0 - 17-10-2023 *\/\n.elementor-widget-text-editor.elementor-drop-cap-view-stacked .elementor-drop-cap{background-color:#69727d;color:#fff}.elementor-widget-text-editor.elementor-drop-cap-view-framed .elementor-drop-cap{color:#69727d;border:3px solid;background-color:transparent}.elementor-widget-text-editor:not(.elementor-drop-cap-view-default) .elementor-drop-cap{margin-top:8px}.elementor-widget-text-editor:not(.elementor-drop-cap-view-default) .elementor-drop-cap-letter{width:1em;height:1em}.elementor-widget-text-editor .elementor-drop-cap{float:left;text-align:center;line-height:1;font-size:50px}.elementor-widget-text-editor .elementor-drop-cap-letter{display:inline-block}<\/style>\t\t\t\t<p><!-- wp:paragraph --><\/p>\n<p>Standardn\u00ed rozm\u011br rozlo\u017een\u00e9ho p\u00e1nsk\u00e9ho batohu je cca 60 x 42 x 8 cm (v x \u0161 x h). Srolov\u00e1n\u00ed ubere 10-15 cm.<\/p>\n<p><!-- \/wp:paragraph --><\/p>\n<p><!-- wp:paragraph --><\/p>\n<p>Popruhy jsou b\u011b\u017en\u011b \u0161irok\u00e9 cca 8 cm a jsou vyztu\u017een\u00e9.<\/p>\n<p><!-- \/wp:paragraph --><\/p>\n<p><!-- wp:paragraph --><\/p>\n<p>Zap\u00edn\u00e1n\u00ed je standardn\u011b na zip a rolov\u00e1n\u00ed se zaji\u0161\u0165uje jednou plastovou p\u0159ezkou s nastavitelnou d\u00e9lkou.<\/p>\n<p><!-- \/wp:paragraph --><\/p>\n<p><!-- wp:paragraph --><\/p>\n<p>Uvnit\u0159 je jedna velk\u00e1 kapsa, vyztu\u017een\u00e1 kapsa na notebook na z\u00e1dech a dv\u011b men\u0161\u00ed kapsy na drobnosti.<\/p>\n<p><!-- \/wp:paragraph --><\/p>\n<p><!-- wp:paragraph --><\/p>\n<p>Batoh m\u00e1 jednu vn\u011bj\u0161\u00ed kapsu na zip vp\u0159edu po cel\u00e9 \u0161\u00ed\u0159ce batohu.<\/p>\n<p><!-- \/wp:paragraph --><\/p>\n<p><!-- wp:paragraph --><\/p>\n<p>Svrchn\u00ed materi\u00e1l je kortexin &#8211; pevn\u00fd nepromokav\u00fd materi\u00e1l, s\u00ed\u0165ovina.<\/p>\n<p>Cena od 1600 K\u010d.<\/p>\n<p><!-- \/wp:paragraph --><\/p>\t\t\t\t\t\t<\/div>\n\t\t\t\t<\/div>\n\t\t\t\t\t<\/div>\n\t\t\t\t<\/div>\n\t\t\t\t\t\t\t<\/div>\n\t\t","protected":false},"excerpt":{"rendered":"<p>Standardn\u00ed rozm\u011br rozlo\u017een\u00e9ho p\u00e1nsk\u00e9ho batohu je cca 60 x 42 x 8 cm (v x \u0161 x h). Srolov\u00e1n\u00ed ubere 10-15 cm. Popruhy jsou b\u011b\u017en\u011b \u0161irok\u00e9 cca 8 cm a jsou vyztu\u017een\u00e9. Zap\u00edn\u00e1n\u00ed je standardn\u011b na zip a rolov\u00e1n\u00ed se zaji\u0161\u0165uje jednou plastovou p\u0159ezkou s nastavitelnou d\u00e9lkou. Uvnit\u0159 je jedna velk\u00e1 kapsa, vyztu\u017een\u00e1 kapsa na &hellip;<\/p>\n<p class=\"read-more\"> <a class=\"\" href=\"https:\/\/www.cebino.cz\/?page_id=5537\"> <span class=\"screen-reader-text\">P\u00e1nsk\u00e9 batohy<\/span> Pokra\u010dovat ve \u010dten\u00ed &raquo;<\/a><\/p>\n","protected":false},"author":1,"featured_media":0,"parent":0,"menu_order":0,"comment_status":"closed","ping_status":"closed","template":"","meta":{"site-sidebar-layout":"default","site-content-layout":"","ast-site-content-layout":"default","site-content-style":"default","site-sidebar-style":"default","ast-global-header-display":"","ast-banner-title-visibility":"","ast-main-header-display":"","ast-hfb-above-header-display":"","ast-hfb-below-header-display":"","ast-hfb-mobile-header-display":"","site-post-title":"","ast-breadcrumbs-content":"","ast-featured-img":"","footer-sml-layout":"","theme-transparent-header-meta":"","adv-header-id-meta":"","stick-header-meta":"","header-above-stick-meta":"","header-main-stick-meta":"","header-below-stick-meta":"","astra-migrate-meta-layouts":"set","footnotes":""},"class_list":["post-5537","page","type-page","status-publish","hentry"],"_links":{"self":[{"href":"https:\/\/www.cebino.cz\/index.php?rest_route=\/wp\/v2\/pages\/5537","targetHints":{"allow":["GET"]}}],"collection":[{"href":"https:\/\/www.cebino.cz\/index.php?rest_route=\/wp\/v2\/pages"}],"about":[{"href":"https:\/\/www.cebino.cz\/index.php?rest_route=\/wp\/v2\/types\/page"}],"author":[{"embeddable":true,"href":"https:\/\/www.cebino.cz\/index.php?rest_route=\/wp\/v2\/users\/1"}],"replies":[{"embeddable":true,"href":"https:\/\/www.cebino.cz\/index.php?rest_route=%2Fwp%2Fv2%2Fcomments&post=5537"}],"version-history":[{"count":14,"href":"https:\/\/www.cebino.cz\/index.php?rest_route=\/wp\/v2\/pages\/5537\/revisions"}],"predecessor-version":[{"id":5663,"href":"https:\/\/www.cebino.cz\/index.php?rest_route=\/wp\/v2\/pages\/5537\/revisions\/5663"}],"wp:attachment":[{"href":"https:\/\/www.cebino.cz\/index.php?rest_route=%2Fwp%2Fv2%2Fmedia&parent=5537"}],"curies":[{"name":"wp","href":"https:\/\/api.w.org\/{rel}","templated":true}]}}