{"id":5563,"date":"2023-10-26T18:53:45","date_gmt":"2023-10-26T16:53:45","guid":{"rendered":"https:\/\/www.cebino.cz\/?page_id=5563"},"modified":"2023-10-26T21:14:34","modified_gmt":"2023-10-26T19:14:34","slug":"fotogalerie","status":"publish","type":"page","link":"https:\/\/www.cebino.cz\/?page_id=5563","title":{"rendered":"FOTOGALERIE"},"content":{"rendered":"\n<figure class=\"wp-block-gallery has-nested-images columns-default is-cropped wp-block-gallery-1 is-layout-flex wp-block-gallery-is-layout-flex\">\n<figure class=\"wp-block-image size-large is-style-default\"><img loading=\"lazy\" decoding=\"async\" width=\"681\" height=\"1024\" data-id=\"5581\" src=\"https:\/\/www.cebino.cz\/wp-content\/uploads\/2023\/10\/IMG-20231026-WA0028-1.jpg\" alt=\"\" class=\"wp-image-5581\" srcset=\"https:\/\/www.cebino.cz\/wp-content\/uploads\/2023\/10\/IMG-20231026-WA0028-1.jpg 681w, https:\/\/www.cebino.cz\/wp-content\/uploads\/2023\/10\/IMG-20231026-WA0028-1-200x300.jpg 200w, https:\/\/www.cebino.cz\/wp-content\/uploads\/2023\/10\/IMG-20231026-WA0028-1-600x902.jpg 600w\" sizes=\"auto, (max-width: 681px) 100vw, 681px\" \/><\/figure>\n\n\n\n<figure class=\"wp-block-image size-large\"><img loading=\"lazy\" decoding=\"async\" width=\"681\" height=\"1024\" data-id=\"5583\" src=\"https:\/\/www.cebino.cz\/wp-content\/uploads\/2023\/10\/IMG-20231026-WA0019.jpg\" alt=\"\" class=\"wp-image-5583\" srcset=\"https:\/\/www.cebino.cz\/wp-content\/uploads\/2023\/10\/IMG-20231026-WA0019.jpg 681w, https:\/\/www.cebino.cz\/wp-content\/uploads\/2023\/10\/IMG-20231026-WA0019-200x300.jpg 200w, https:\/\/www.cebino.cz\/wp-content\/uploads\/2023\/10\/IMG-20231026-WA0019-600x902.jpg 600w\" sizes=\"auto, (max-width: 681px) 100vw, 681px\" \/><\/figure>\n\n\n\n<figure class=\"wp-block-image size-large\"><img loading=\"lazy\" decoding=\"async\" width=\"681\" height=\"1024\" data-id=\"5582\" src=\"https:\/\/www.cebino.cz\/wp-content\/uploads\/2023\/10\/IMG-20231026-WA0025.jpg\" alt=\"\" class=\"wp-image-5582\" srcset=\"https:\/\/www.cebino.cz\/wp-content\/uploads\/2023\/10\/IMG-20231026-WA0025.jpg 681w, https:\/\/www.cebino.cz\/wp-content\/uploads\/2023\/10\/IMG-20231026-WA0025-200x300.jpg 200w, https:\/\/www.cebino.cz\/wp-content\/uploads\/2023\/10\/IMG-20231026-WA0025-600x902.jpg 600w\" sizes=\"auto, (max-width: 681px) 100vw, 681px\" \/><\/figure>\n<figcaption class=\"blocks-gallery-caption wp-element-caption\">D\u00e1msk\u00fd batoh<\/figcaption><\/figure>\n\n\n\n<p><\/p>\n\n\n\n<figure class=\"wp-block-gallery has-nested-images columns-4 is-cropped wp-block-gallery-2 is-layout-flex wp-block-gallery-is-layout-flex\">\n<figure class=\"wp-block-image size-large\"><img loading=\"lazy\" decoding=\"async\" width=\"681\" height=\"1024\" data-id=\"5587\" src=\"https:\/\/www.cebino.cz\/wp-content\/uploads\/2023\/10\/IMG-20231026-WA0030-2.jpg\" alt=\"\" class=\"wp-image-5587\" srcset=\"https:\/\/www.cebino.cz\/wp-content\/uploads\/2023\/10\/IMG-20231026-WA0030-2.jpg 681w, https:\/\/www.cebino.cz\/wp-content\/uploads\/2023\/10\/IMG-20231026-WA0030-2-200x300.jpg 200w, https:\/\/www.cebino.cz\/wp-content\/uploads\/2023\/10\/IMG-20231026-WA0030-2-600x902.jpg 600w\" sizes=\"auto, (max-width: 681px) 100vw, 681px\" \/><\/figure>\n\n\n\n<figure class=\"wp-block-image size-large\"><img loading=\"lazy\" decoding=\"async\" width=\"681\" height=\"1024\" data-id=\"5590\" src=\"https:\/\/www.cebino.cz\/wp-content\/uploads\/2023\/10\/IMG-20231026-WA0011.jpg\" alt=\"\" class=\"wp-image-5590\" srcset=\"https:\/\/www.cebino.cz\/wp-content\/uploads\/2023\/10\/IMG-20231026-WA0011.jpg 681w, https:\/\/www.cebino.cz\/wp-content\/uploads\/2023\/10\/IMG-20231026-WA0011-200x300.jpg 200w, https:\/\/www.cebino.cz\/wp-content\/uploads\/2023\/10\/IMG-20231026-WA0011-600x902.jpg 600w\" sizes=\"auto, (max-width: 681px) 100vw, 681px\" \/><\/figure>\n\n\n\n<figure class=\"wp-block-image size-large\"><img loading=\"lazy\" decoding=\"async\" width=\"1024\" height=\"681\" data-id=\"5591\" src=\"https:\/\/www.cebino.cz\/wp-content\/uploads\/2023\/10\/IMG-20231026-WA0026.jpg\" alt=\"\" class=\"wp-image-5591\" srcset=\"https:\/\/www.cebino.cz\/wp-content\/uploads\/2023\/10\/IMG-20231026-WA0026.jpg 1024w, https:\/\/www.cebino.cz\/wp-content\/uploads\/2023\/10\/IMG-20231026-WA0026-300x200.jpg 300w, https:\/\/www.cebino.cz\/wp-content\/uploads\/2023\/10\/IMG-20231026-WA0026-768x511.jpg 768w, https:\/\/www.cebino.cz\/wp-content\/uploads\/2023\/10\/IMG-20231026-WA0026-600x399.jpg 600w\" sizes=\"auto, (max-width: 1024px) 100vw, 1024px\" \/><\/figure>\n\n\n\n<figure class=\"wp-block-image alignleft size-large\"><img loading=\"lazy\" decoding=\"async\" width=\"1024\" height=\"681\" data-id=\"5586\" src=\"https:\/\/www.cebino.cz\/wp-content\/uploads\/2023\/10\/IMG-20231026-WA0007-1.jpg\" alt=\"\" class=\"wp-image-5586\" srcset=\"https:\/\/www.cebino.cz\/wp-content\/uploads\/2023\/10\/IMG-20231026-WA0007-1.jpg 1024w, https:\/\/www.cebino.cz\/wp-content\/uploads\/2023\/10\/IMG-20231026-WA0007-1-300x200.jpg 300w, https:\/\/www.cebino.cz\/wp-content\/uploads\/2023\/10\/IMG-20231026-WA0007-1-768x511.jpg 768w, https:\/\/www.cebino.cz\/wp-content\/uploads\/2023\/10\/IMG-20231026-WA0007-1-600x399.jpg 600w\" sizes=\"auto, (max-width: 1024px) 100vw, 1024px\" \/><\/figure>\n<figcaption class=\"blocks-gallery-caption wp-element-caption\">D\u00e1msk\u00fd batoh s v\u00fd\u0161ivkou kv\u011btina<\/figcaption><\/figure>\n\n\n\n<p><\/p>\n\n\n\n<figure class=\"wp-block-gallery has-nested-images columns-4 is-cropped wp-block-gallery-3 is-layout-flex wp-block-gallery-is-layout-flex\">\n<figure class=\"wp-block-image size-large\"><img loading=\"lazy\" decoding=\"async\" width=\"681\" height=\"1024\" data-id=\"5601\" src=\"https:\/\/www.cebino.cz\/wp-content\/uploads\/2023\/10\/IMG-20231026-WA0029-1.jpg\" alt=\"\" class=\"wp-image-5601\" srcset=\"https:\/\/www.cebino.cz\/wp-content\/uploads\/2023\/10\/IMG-20231026-WA0029-1.jpg 681w, https:\/\/www.cebino.cz\/wp-content\/uploads\/2023\/10\/IMG-20231026-WA0029-1-200x300.jpg 200w, https:\/\/www.cebino.cz\/wp-content\/uploads\/2023\/10\/IMG-20231026-WA0029-1-600x902.jpg 600w\" sizes=\"auto, (max-width: 681px) 100vw, 681px\" \/><\/figure>\n\n\n\n<figure class=\"wp-block-image size-large\"><img loading=\"lazy\" decoding=\"async\" width=\"681\" height=\"1024\" data-id=\"5602\" src=\"https:\/\/www.cebino.cz\/wp-content\/uploads\/2023\/10\/IMG-20231026-WA0014-1.jpg\" alt=\"\" class=\"wp-image-5602\" srcset=\"https:\/\/www.cebino.cz\/wp-content\/uploads\/2023\/10\/IMG-20231026-WA0014-1.jpg 681w, https:\/\/www.cebino.cz\/wp-content\/uploads\/2023\/10\/IMG-20231026-WA0014-1-200x300.jpg 200w, https:\/\/www.cebino.cz\/wp-content\/uploads\/2023\/10\/IMG-20231026-WA0014-1-600x902.jpg 600w\" sizes=\"auto, (max-width: 681px) 100vw, 681px\" \/><\/figure>\n\n\n\n<figure class=\"wp-block-image size-large\"><img loading=\"lazy\" decoding=\"async\" width=\"682\" height=\"1024\" data-id=\"5600\" src=\"https:\/\/www.cebino.cz\/wp-content\/uploads\/2023\/10\/IMG-20231026-WA0027-1-1.jpg\" alt=\"\" class=\"wp-image-5600\" srcset=\"https:\/\/www.cebino.cz\/wp-content\/uploads\/2023\/10\/IMG-20231026-WA0027-1-1.jpg 682w, https:\/\/www.cebino.cz\/wp-content\/uploads\/2023\/10\/IMG-20231026-WA0027-1-1-200x300.jpg 200w, https:\/\/www.cebino.cz\/wp-content\/uploads\/2023\/10\/IMG-20231026-WA0027-1-1-600x901.jpg 600w\" sizes=\"auto, (max-width: 682px) 100vw, 682px\" \/><\/figure>\n\n\n\n<figure class=\"wp-block-image size-large\"><img loading=\"lazy\" decoding=\"async\" width=\"681\" height=\"1024\" data-id=\"5603\" src=\"https:\/\/www.cebino.cz\/wp-content\/uploads\/2023\/10\/IMG-20231026-WA0015-1.jpg\" alt=\"\" class=\"wp-image-5603\" srcset=\"https:\/\/www.cebino.cz\/wp-content\/uploads\/2023\/10\/IMG-20231026-WA0015-1.jpg 681w, https:\/\/www.cebino.cz\/wp-content\/uploads\/2023\/10\/IMG-20231026-WA0015-1-200x300.jpg 200w, https:\/\/www.cebino.cz\/wp-content\/uploads\/2023\/10\/IMG-20231026-WA0015-1-600x902.jpg 600w\" sizes=\"auto, (max-width: 681px) 100vw, 681px\" \/><\/figure>\n<figcaption class=\"blocks-gallery-caption wp-element-caption\">P\u00e1nsk\u00fd batoh s firemn\u00edm logem<\/figcaption><\/figure>\n\n\n\n<p><\/p>\n\n\n\n<figure class=\"wp-block-gallery has-nested-images columns-default is-cropped wp-block-gallery-4 is-layout-flex wp-block-gallery-is-layout-flex\">\n<figure class=\"wp-block-image size-large\"><img loading=\"lazy\" decoding=\"async\" width=\"681\" height=\"1024\" data-id=\"5604\" src=\"https:\/\/www.cebino.cz\/wp-content\/uploads\/2023\/10\/IMG-20231026-WA0020.jpg\" alt=\"\" class=\"wp-image-5604\" srcset=\"https:\/\/www.cebino.cz\/wp-content\/uploads\/2023\/10\/IMG-20231026-WA0020.jpg 681w, https:\/\/www.cebino.cz\/wp-content\/uploads\/2023\/10\/IMG-20231026-WA0020-200x300.jpg 200w, https:\/\/www.cebino.cz\/wp-content\/uploads\/2023\/10\/IMG-20231026-WA0020-600x902.jpg 600w\" sizes=\"auto, (max-width: 681px) 100vw, 681px\" \/><\/figure>\n\n\n\n<figure class=\"wp-block-image size-large\"><img loading=\"lazy\" decoding=\"async\" width=\"681\" height=\"1024\" data-id=\"5606\" src=\"https:\/\/www.cebino.cz\/wp-content\/uploads\/2023\/10\/IMG-20231026-WA0024-2.jpg\" alt=\"\" class=\"wp-image-5606\" srcset=\"https:\/\/www.cebino.cz\/wp-content\/uploads\/2023\/10\/IMG-20231026-WA0024-2.jpg 681w, https:\/\/www.cebino.cz\/wp-content\/uploads\/2023\/10\/IMG-20231026-WA0024-2-200x300.jpg 200w, https:\/\/www.cebino.cz\/wp-content\/uploads\/2023\/10\/IMG-20231026-WA0024-2-600x902.jpg 600w\" sizes=\"auto, (max-width: 681px) 100vw, 681px\" \/><\/figure>\n\n\n\n<figure class=\"wp-block-image size-large\"><img loading=\"lazy\" decoding=\"async\" width=\"1024\" height=\"681\" data-id=\"5608\" src=\"https:\/\/www.cebino.cz\/wp-content\/uploads\/2023\/10\/IMG-20231026-WA0021.jpg\" alt=\"\" class=\"wp-image-5608\" srcset=\"https:\/\/www.cebino.cz\/wp-content\/uploads\/2023\/10\/IMG-20231026-WA0021.jpg 1024w, https:\/\/www.cebino.cz\/wp-content\/uploads\/2023\/10\/IMG-20231026-WA0021-300x200.jpg 300w, https:\/\/www.cebino.cz\/wp-content\/uploads\/2023\/10\/IMG-20231026-WA0021-768x511.jpg 768w, https:\/\/www.cebino.cz\/wp-content\/uploads\/2023\/10\/IMG-20231026-WA0021-600x399.jpg 600w\" sizes=\"auto, (max-width: 1024px) 100vw, 1024px\" \/><\/figure>\n<figcaption class=\"blocks-gallery-caption wp-element-caption\">Batoh s v\u00fd\u0161ivkou lo\u010f<\/figcaption><\/figure>\n\n\n\n<p><\/p>\n\n\n\n<p><\/p>\n","protected":false},"excerpt":{"rendered":"","protected":false},"author":1,"featured_media":0,"parent":0,"menu_order":0,"comment_status":"closed","ping_status":"closed","template":"","meta":{"site-sidebar-layout":"default","site-content-layout":"","ast-site-content-layout":"default","site-content-style":"default","site-sidebar-style":"default","ast-global-header-display":"","ast-banner-title-visibility":"","ast-main-header-display":"","ast-hfb-above-header-display":"","ast-hfb-below-header-display":"","ast-hfb-mobile-header-display":"","site-post-title":"","ast-breadcrumbs-content":"","ast-featured-img":"","footer-sml-layout":"","theme-transparent-header-meta":"","adv-header-id-meta":"","stick-header-meta":"","header-above-stick-meta":"","header-main-stick-meta":"","header-below-stick-meta":"","astra-migrate-meta-layouts":"set","footnotes":""},"class_list":["post-5563","page","type-page","status-publish","hentry"],"_links":{"self":[{"href":"https:\/\/www.cebino.cz\/index.php?rest_route=\/wp\/v2\/pages\/5563","targetHints":{"allow":["GET"]}}],"collection":[{"href":"https:\/\/www.cebino.cz\/index.php?rest_route=\/wp\/v2\/pages"}],"about":[{"href":"https:\/\/www.cebino.cz\/index.php?rest_route=\/wp\/v2\/types\/page"}],"author":[{"embeddable":true,"href":"https:\/\/www.cebino.cz\/index.php?rest_route=\/wp\/v2\/users\/1"}],"replies":[{"embeddable":true,"href":"https:\/\/www.cebino.cz\/index.php?rest_route=%2Fwp%2Fv2%2Fcomments&post=5563"}],"version-history":[{"count":14,"href":"https:\/\/www.cebino.cz\/index.php?rest_route=\/wp\/v2\/pages\/5563\/revisions"}],"predecessor-version":[{"id":5615,"href":"https:\/\/www.cebino.cz\/index.php?rest_route=\/wp\/v2\/pages\/5563\/revisions\/5615"}],"wp:attachment":[{"href":"https:\/\/www.cebino.cz\/index.php?rest_route=%2Fwp%2Fv2%2Fmedia&parent=5563"}],"curies":[{"name":"wp","href":"https:\/\/api.w.org\/{rel}","templated":true}]}}