{"id":5639,"date":"2023-10-28T21:34:54","date_gmt":"2023-10-28T19:34:54","guid":{"rendered":"https:\/\/www.cebino.cz\/?page_id=5639"},"modified":"2023-10-29T21:49:44","modified_gmt":"2023-10-29T20:49:44","slug":"jak-objednat","status":"publish","type":"page","link":"https:\/\/www.cebino.cz\/?page_id=5639","title":{"rendered":"JAK OBJEDNAT"},"content":{"rendered":"\t\t<div data-elementor-type=\"wp-page\" data-elementor-id=\"5639\" class=\"elementor elementor-5639\">\n\t\t\t\t\t\t\t<div class=\"elementor-element elementor-element-19d6fdc2 e-flex e-con-boxed e-con e-parent\" data-id=\"19d6fdc2\" data-element_type=\"container\" data-settings=\"{&quot;content_width&quot;:&quot;boxed&quot;}\" data-core-v316-plus=\"true\">\n\t\t\t\t\t<div class=\"e-con-inner\">\n\t\t\t\t<div class=\"elementor-element elementor-element-77f542f6 elementor-widget elementor-widget-text-editor\" data-id=\"77f542f6\" data-element_type=\"widget\" data-widget_type=\"text-editor.default\">\n\t\t\t\t<div class=\"elementor-widget-container\">\n\t\t\t<style>\/*! elementor - v3.16.0 - 17-10-2023 *\/\n.elementor-widget-text-editor.elementor-drop-cap-view-stacked .elementor-drop-cap{background-color:#69727d;color:#fff}.elementor-widget-text-editor.elementor-drop-cap-view-framed .elementor-drop-cap{color:#69727d;border:3px solid;background-color:transparent}.elementor-widget-text-editor:not(.elementor-drop-cap-view-default) .elementor-drop-cap{margin-top:8px}.elementor-widget-text-editor:not(.elementor-drop-cap-view-default) .elementor-drop-cap-letter{width:1em;height:1em}.elementor-widget-text-editor .elementor-drop-cap{float:left;text-align:center;line-height:1;font-size:50px}.elementor-widget-text-editor .elementor-drop-cap-letter{display:inline-block}<\/style>\t\t\t\t<p>M\u00e1te konkr\u00e9tn\u00ed p\u0159edstavu o sv\u00e9m batohu? V\u00fdborn\u011b! Sepi\u0161te ji v e-mailov\u00e9 zpr\u00e1v\u011b a po\u0161lete na cebino@email.cz.\u00a0<span style=\"font-style: inherit; font-weight: inherit; text-align: var(--text-align); background-color: var(--ast-global-color-5); color: var(--ast-global-color-3);\">Na e-mail V\u00e1m odpov\u00edm zasl\u00e1n\u00edm vzorn\u00edk\u016f l\u00e1tek podle zvolen\u00fdch parametr\u016f a v\u0161e dolad\u00edme.\u00a0<\/span><\/p><p><span style=\"font-style: inherit; font-weight: inherit; text-align: var(--text-align); background-color: var(--ast-global-color-5); color: var(--ast-global-color-3);\">\u017de nev\u00edte, jak by m\u011bl V\u00e1\u0161 batoh vypadat? Nevad\u00ed! Ozv\u011bte se na e-mail a spole\u010dn\u011b V\u00e1m batoh navrhneme. Zkuste p\u0159idat p\u00e1r \u0159\u00e1dk\u016f o sob\u011b, co V\u00e1s bav\u00ed, kam budete batoh nosit a co do n\u011bj bezpodm\u00edne\u010dn\u011b mus\u00edte d\u00e1t, a\u0165 se m\u00e1me od \u010deho odp\u00edchnout.<\/span><\/p><p>V ka\u017ed\u00e9m p\u0159\u00edpad\u011b se m\u016f\u017eete inspirovat ve fotogalerii.<\/p><p style=\"font-size: 16px; font-style: normal; font-weight: 400;\">Z\u00e1kladn\u00ed ceny batoh\u016f jsou uvedeny v jednotliv\u00fdch kategori\u00edch. Cenu Va\u0161eho batohu V\u00e1m \u0159eknu na z\u00e1klad\u011b konkr\u00e9tn\u00edch po\u017eadavk\u016f p\u0159ed fin\u00e1ln\u00edm potvrzen\u00edm objedn\u00e1vky.<\/p>\t\t\t\t\t\t<\/div>\n\t\t\t\t<\/div>\n\t\t\t\t\t<\/div>\n\t\t\t\t<\/div>\n\t\t\t\t\t\t\t<\/div>\n\t\t","protected":false},"excerpt":{"rendered":"<p>M\u00e1te konkr\u00e9tn\u00ed p\u0159edstavu o sv\u00e9m batohu? V\u00fdborn\u011b! Sepi\u0161te ji v e-mailov\u00e9 zpr\u00e1v\u011b a po\u0161lete na cebino@email.cz.\u00a0Na e-mail V\u00e1m odpov\u00edm zasl\u00e1n\u00edm vzorn\u00edk\u016f l\u00e1tek podle zvolen\u00fdch parametr\u016f a v\u0161e dolad\u00edme.\u00a0 \u017de nev\u00edte, jak by m\u011bl V\u00e1\u0161 batoh vypadat? Nevad\u00ed! Ozv\u011bte se na e-mail a spole\u010dn\u011b V\u00e1m batoh navrhneme. Zkuste p\u0159idat p\u00e1r \u0159\u00e1dk\u016f o sob\u011b, co V\u00e1s bav\u00ed, &hellip;<\/p>\n<p class=\"read-more\"> <a class=\"\" href=\"https:\/\/www.cebino.cz\/?page_id=5639\"> <span class=\"screen-reader-text\">JAK OBJEDNAT<\/span> Pokra\u010dovat ve \u010dten\u00ed &raquo;<\/a><\/p>\n","protected":false},"author":1,"featured_media":0,"parent":0,"menu_order":0,"comment_status":"closed","ping_status":"closed","template":"","meta":{"site-sidebar-layout":"default","site-content-layout":"","ast-site-content-layout":"default","site-content-style":"default","site-sidebar-style":"default","ast-global-header-display":"","ast-banner-title-visibility":"","ast-main-header-display":"","ast-hfb-above-header-display":"","ast-hfb-below-header-display":"","ast-hfb-mobile-header-display":"","site-post-title":"","ast-breadcrumbs-content":"","ast-featured-img":"","footer-sml-layout":"","theme-transparent-header-meta":"","adv-header-id-meta":"","stick-header-meta":"","header-above-stick-meta":"","header-main-stick-meta":"","header-below-stick-meta":"","astra-migrate-meta-layouts":"set","footnotes":""},"class_list":["post-5639","page","type-page","status-publish","hentry"],"_links":{"self":[{"href":"https:\/\/www.cebino.cz\/index.php?rest_route=\/wp\/v2\/pages\/5639","targetHints":{"allow":["GET"]}}],"collection":[{"href":"https:\/\/www.cebino.cz\/index.php?rest_route=\/wp\/v2\/pages"}],"about":[{"href":"https:\/\/www.cebino.cz\/index.php?rest_route=\/wp\/v2\/types\/page"}],"author":[{"embeddable":true,"href":"https:\/\/www.cebino.cz\/index.php?rest_route=\/wp\/v2\/users\/1"}],"replies":[{"embeddable":true,"href":"https:\/\/www.cebino.cz\/index.php?rest_route=%2Fwp%2Fv2%2Fcomments&post=5639"}],"version-history":[{"count":23,"href":"https:\/\/www.cebino.cz\/index.php?rest_route=\/wp\/v2\/pages\/5639\/revisions"}],"predecessor-version":[{"id":5685,"href":"https:\/\/www.cebino.cz\/index.php?rest_route=\/wp\/v2\/pages\/5639\/revisions\/5685"}],"wp:attachment":[{"href":"https:\/\/www.cebino.cz\/index.php?rest_route=%2Fwp%2Fv2%2Fmedia&parent=5639"}],"curies":[{"name":"wp","href":"https:\/\/api.w.org\/{rel}","templated":true}]}}